{"id":356,"date":"2026-02-02T12:09:26","date_gmt":"2026-02-02T11:09:26","guid":{"rendered":"https:\/\/bold-cray.135-125-119-145.plesk.page\/sobre-nosotros\/"},"modified":"2026-04-14T15:34:32","modified_gmt":"2026-04-14T13:34:32","slug":"sobre-nosotros","status":"publish","type":"page","link":"https:\/\/taxi18.es\/pt\/sobre-nosotros\/","title":{"rendered":"Sobre n\u00f3s"},"content":{"rendered":"<div data-elementor-type=\"wp-page\" data-elementor-id=\"356\" class=\"elementor elementor-356\" data-elementor-post-type=\"page\">\n\t\t\t\t<div class=\"elementor-element elementor-element-1d583ea7 animated-slow e-con-full e-flex elementor-invisible e-con e-parent\" data-id=\"1d583ea7\" data-element_type=\"container\" data-e-type=\"container\" data-settings=\"{&quot;animation&quot;:&quot;fadeIn&quot;,&quot;animation_delay&quot;:100}\">\n\t\t<div class=\"elementor-element elementor-element-52616491 e-flex e-con-boxed e-con e-child\" data-id=\"52616491\" data-element_type=\"container\" data-e-type=\"container\">\n\t\t\t\t\t<div class=\"e-con-inner\">\n\t\t<div class=\"elementor-element elementor-element-72ca7555 e-con-full animated-slow e-flex elementor-invisible e-con e-child\" data-id=\"72ca7555\" data-element_type=\"container\" data-e-type=\"container\" data-settings=\"{&quot;animation&quot;:&quot;fadeIn&quot;,&quot;animation_delay&quot;:200}\">\n\t\t<div class=\"elementor-element elementor-element-3d39f15b e-con-full e-flex e-con e-child\" data-id=\"3d39f15b\" data-element_type=\"container\" data-e-type=\"container\">\n\t\t\t\t<div class=\"elementor-element elementor-element-6272ebdf elementor-widget elementor-widget-image\" data-id=\"6272ebdf\" data-element_type=\"widget\" data-e-type=\"widget\" data-widget_type=\"image.default\">\n\t\t\t\t\t\t\t\t\t\t\t\t\t\t\t<img fetchpriority=\"high\" decoding=\"async\" width=\"2560\" height=\"1707\" src=\"https:\/\/taxi18.es\/wp-content\/uploads\/yellow-black-sign-taxi-placed-top-car-night-scaled.webp\" class=\"attachment-full size-full wp-image-2216\" alt=\"\" srcset=\"https:\/\/taxi18.es\/wp-content\/uploads\/yellow-black-sign-taxi-placed-top-car-night-scaled.webp 2560w, https:\/\/taxi18.es\/wp-content\/uploads\/yellow-black-sign-taxi-placed-top-car-night-300x200.webp 300w, https:\/\/taxi18.es\/wp-content\/uploads\/yellow-black-sign-taxi-placed-top-car-night-1000x667.webp 1000w, https:\/\/taxi18.es\/wp-content\/uploads\/yellow-black-sign-taxi-placed-top-car-night-768x512.webp 768w, https:\/\/taxi18.es\/wp-content\/uploads\/yellow-black-sign-taxi-placed-top-car-night-1536x1024.webp 1536w, https:\/\/taxi18.es\/wp-content\/uploads\/yellow-black-sign-taxi-placed-top-car-night-2048x1365.webp 2048w, https:\/\/taxi18.es\/wp-content\/uploads\/yellow-black-sign-taxi-placed-top-car-night-18x12.webp 18w\" sizes=\"(max-width: 2560px) 100vw, 2560px\" \/>\t\t\t\t\t\t\t\t\t\t\t\t\t\t\t<\/div>\n\t\t\t\t<\/div>\n\t\t<div class=\"elementor-element elementor-element-649db38d animated-slow e-con-full e-flex elementor-invisible e-con e-child\" data-id=\"649db38d\" data-element_type=\"container\" data-e-type=\"container\" data-settings=\"{&quot;animation&quot;:&quot;fadeIn&quot;,&quot;animation_delay&quot;:0}\">\n\t\t\t\t<div class=\"elementor-element elementor-element-79fd9c42 elementor-widget elementor-widget-heading\" data-id=\"79fd9c42\" data-element_type=\"widget\" data-e-type=\"widget\" data-widget_type=\"heading.default\">\n\t\t\t\t\t<h2 class=\"elementor-heading-title elementor-size-default\">Lorem ipsum dolor sit amet<\/h2>\t\t\t\t<\/div>\n\t\t\t\t<div class=\"elementor-element elementor-element-52007a04 elementor-widget elementor-widget-heading\" data-id=\"52007a04\" data-element_type=\"widget\" data-e-type=\"widget\" data-widget_type=\"heading.default\">\n\t\t\t\t\t<h3 class=\"elementor-heading-title elementor-size-default\">Bienvenido a Taxi 18 - Tu Taxi de Confianza en Sils y Girona<\/h3>\t\t\t\t<\/div>\n\t\t\t\t<div class=\"elementor-element elementor-element-43302d33 elementor-widget-divider--view-line elementor-widget elementor-widget-divider\" data-id=\"43302d33\" data-element_type=\"widget\" data-e-type=\"widget\" data-widget_type=\"divider.default\">\n\t\t\t\t\t\t\t<div class=\"elementor-divider\">\n\t\t\t<span class=\"elementor-divider-separator\">\n\t\t\t\t\t\t<\/span>\n\t\t<\/div>\n\t\t\t\t\t\t<\/div>\n\t\t\t\t<div class=\"elementor-element elementor-element-1b06dfd elementor-widget elementor-widget-heading\" data-id=\"1b06dfd\" data-element_type=\"widget\" data-e-type=\"widget\" data-widget_type=\"heading.default\">\n\t\t\t\t\t<span class=\"elementor-heading-title elementor-size-default\"><p>Conductor profesional Miguel Torr\u00f3 Garc\u00eda con amplia experiencia, veh\u00edculos en perfecto estado y servicio personalizado para cada cliente en Sils y Girona. Llama ahora y reserva tu taxi con Miguel al 635 788 897 o visita Taxi18.es.<\/p>\n<\/span>\t\t\t\t<\/div>\n\t\t\t\t<\/div>\n\t\t\t\t<\/div>\n\t\t<div class=\"elementor-element elementor-element-3d827e35 animated-slow e-flex e-con-boxed elementor-invisible e-con e-child\" data-id=\"3d827e35\" data-element_type=\"container\" data-e-type=\"container\" data-settings=\"{&quot;animation&quot;:&quot;fadeIn&quot;,&quot;animation_delay&quot;:200}\">\n\t\t\t\t\t<div class=\"e-con-inner\">\n\t\t\t\t<div class=\"elementor-element elementor-element-78108789 elementor-widget elementor-widget-text-editor\" data-id=\"78108789\" data-element_type=\"widget\" data-e-type=\"widget\" data-widget_type=\"text-editor.default\">\n\t\t\t\t\t\t\t\t\t<p>Datos Curiosos sobre Nuestro Taxi: N\u00fameros que Garantizan Nuestro Servicio. Hemos recorrido 8700 kil\u00f3metros con seguridad y puntualidad, transportado a 4978 clientes satisfechos, y contamos con 800 viajes completados por nuestro conductor profesional Miguel Torr\u00f3 Garc\u00eda.<\/p>\n\t\t\t\t\t\t\t\t<\/div>\n\t\t\t\t<div class=\"elementor-element elementor-element-16a2a6f7 elementor-widget-divider--view-line elementor-widget elementor-widget-divider\" data-id=\"16a2a6f7\" data-element_type=\"widget\" data-e-type=\"widget\" data-widget_type=\"divider.default\">\n\t\t\t\t\t\t\t<div class=\"elementor-divider\">\n\t\t\t<span class=\"elementor-divider-separator\">\n\t\t\t\t\t\t<\/span>\n\t\t<\/div>\n\t\t\t\t\t\t<\/div>\n\t\t\t\t\t<\/div>\n\t\t\t\t<\/div>\n\t\t<div class=\"elementor-element elementor-element-2aa17604 e-con-full animated-slow e-flex elementor-invisible e-con e-child\" data-id=\"2aa17604\" data-element_type=\"container\" data-e-type=\"container\" data-settings=\"{&quot;animation&quot;:&quot;fadeIn&quot;,&quot;animation_delay&quot;:200}\">\n\t\t<div class=\"elementor-element elementor-element-1c97c83c e-flex e-con-boxed e-con e-child\" data-id=\"1c97c83c\" data-element_type=\"container\" data-e-type=\"container\">\n\t\t\t\t\t<div class=\"e-con-inner\">\n\t\t\t\t<div class=\"elementor-element elementor-element-293d03f2 elementor-widget elementor-widget-image\" data-id=\"293d03f2\" data-element_type=\"widget\" data-e-type=\"widget\" data-widget_type=\"image.default\">\n\t\t\t\t\t\t\t\t\t\t\t\t\t\t\t<img decoding=\"async\" width=\"2560\" height=\"1707\" src=\"https:\/\/taxi18.es\/wp-content\/uploads\/close-up-shot-taxi-sign-warm-colours-sunset-with-bokeh-lights-background-scaled.webp\" class=\"attachment-full size-full wp-image-2217\" alt=\"\" srcset=\"https:\/\/taxi18.es\/wp-content\/uploads\/close-up-shot-taxi-sign-warm-colours-sunset-with-bokeh-lights-background-scaled.webp 2560w, https:\/\/taxi18.es\/wp-content\/uploads\/close-up-shot-taxi-sign-warm-colours-sunset-with-bokeh-lights-background-300x200.webp 300w, https:\/\/taxi18.es\/wp-content\/uploads\/close-up-shot-taxi-sign-warm-colours-sunset-with-bokeh-lights-background-1000x667.webp 1000w, https:\/\/taxi18.es\/wp-content\/uploads\/close-up-shot-taxi-sign-warm-colours-sunset-with-bokeh-lights-background-768x512.webp 768w, https:\/\/taxi18.es\/wp-content\/uploads\/close-up-shot-taxi-sign-warm-colours-sunset-with-bokeh-lights-background-1536x1024.webp 1536w, https:\/\/taxi18.es\/wp-content\/uploads\/close-up-shot-taxi-sign-warm-colours-sunset-with-bokeh-lights-background-2048x1365.webp 2048w, https:\/\/taxi18.es\/wp-content\/uploads\/close-up-shot-taxi-sign-warm-colours-sunset-with-bokeh-lights-background-18x12.webp 18w\" sizes=\"(max-width: 2560px) 100vw, 2560px\" \/>\t\t\t\t\t\t\t\t\t\t\t\t\t\t\t<\/div>\n\t\t\t\t\t<\/div>\n\t\t\t\t<\/div>\n\t\t<div class=\"elementor-element elementor-element-4f0e2411 e-flex e-con-boxed e-con e-child\" data-id=\"4f0e2411\" data-element_type=\"container\" data-e-type=\"container\">\n\t\t\t\t\t<div class=\"e-con-inner\">\n\t\t<div class=\"elementor-element elementor-element-399af0ff animated-slow e-con-full e-flex elementor-invisible e-con e-child\" data-id=\"399af0ff\" data-element_type=\"container\" data-e-type=\"container\" data-settings=\"{&quot;animation&quot;:&quot;fadeIn&quot;,&quot;animation_delay&quot;:0}\">\n\t\t\t\t<div class=\"elementor-element elementor-element-7afedfbb elementor-widget elementor-widget-heading\" data-id=\"7afedfbb\" data-element_type=\"widget\" data-e-type=\"widget\" data-widget_type=\"heading.default\">\n\t\t\t\t\t<h2 class=\"elementor-heading-title elementor-size-default\">Lorem ipsum dolor sit amet<\/h2>\t\t\t\t<\/div>\n\t\t\t\t<div class=\"elementor-element elementor-element-1045522a elementor-widget elementor-widget-heading\" data-id=\"1045522a\" data-element_type=\"widget\" data-e-type=\"widget\" data-widget_type=\"heading.default\">\n\t\t\t\t\t<h3 class=\"elementor-heading-title elementor-size-default\">Especialistas em transporte pessoal em Girona<\/h3>\t\t\t\t<\/div>\n\t\t\t\t<div class=\"elementor-element elementor-element-7243429b elementor-widget elementor-widget-heading\" data-id=\"7243429b\" data-element_type=\"widget\" data-e-type=\"widget\" data-widget_type=\"heading.default\">\n\t\t\t\t\t<span class=\"elementor-heading-title elementor-size-default\"><p>Nuestros veh\u00edculos son c\u00f3modos y seguros. Elige tu taxi con Taxi 18 para un transporte confiable en Sils y Girona. Reserva tu taxi ahora llamando al 635 788 897 o a trav\u00e9s de nuestra web Taxi18.es.<\/p>\n<\/span>\t\t\t\t<\/div>\n\t\t\t\t<\/div>\n\t\t\t\t\t<\/div>\n\t\t\t\t<\/div>\n\t\t\t\t<\/div>\n\t\t\t\t\t<\/div>\n\t\t\t\t<\/div>\n\t\t\t\t<\/div>\n\t\t\t\t<\/div>","protected":false},"excerpt":{"rendered":"<p>Lorem ipsum dolor sit amet Lorem ipsum dolor sit amet<\/p>","protected":false},"author":6,"featured_media":0,"parent":0,"menu_order":0,"comment_status":"closed","ping_status":"closed","template":"","meta":{"_acf_changed":false,"footnotes":""},"class_list":["post-356","page","type-page","status-publish","hentry"],"acf":[],"_links":{"self":[{"href":"https:\/\/taxi18.es\/pt\/wp-json\/wp\/v2\/pages\/356","targetHints":{"allow":["GET"]}}],"collection":[{"href":"https:\/\/taxi18.es\/pt\/wp-json\/wp\/v2\/pages"}],"about":[{"href":"https:\/\/taxi18.es\/pt\/wp-json\/wp\/v2\/types\/page"}],"author":[{"embeddable":true,"href":"https:\/\/taxi18.es\/pt\/wp-json\/wp\/v2\/users\/6"}],"replies":[{"embeddable":true,"href":"https:\/\/taxi18.es\/pt\/wp-json\/wp\/v2\/comments?post=356"}],"version-history":[{"count":13,"href":"https:\/\/taxi18.es\/pt\/wp-json\/wp\/v2\/pages\/356\/revisions"}],"predecessor-version":[{"id":2220,"href":"https:\/\/taxi18.es\/pt\/wp-json\/wp\/v2\/pages\/356\/revisions\/2220"}],"wp:attachment":[{"href":"https:\/\/taxi18.es\/pt\/wp-json\/wp\/v2\/media?parent=356"}],"curies":[{"name":"wp","href":"https:\/\/api.w.org\/{rel}","templated":true}]}}